{"id":1282,"date":"2020-12-21T06:02:22","date_gmt":"2020-12-21T06:02:22","guid":{"rendered":"https:\/\/sajiplast.com\/web\/?page_id=1282"},"modified":"2022-03-21T12:46:30","modified_gmt":"2022-03-21T18:46:30","slug":"saco-fondo-plano","status":"publish","type":"page","link":"https:\/\/sajiplast.com\/web\/saco-fondo-plano\/","title":{"rendered":"Saco Fondo Plano"},"content":{"rendered":"<section class=\"kc-elm kc-css-217776 kc_row\"><div class=\"kc-row-container  kc-container\"><div class=\"kc-wrap-columns\"><div class=\"kc-elm kc-css-13802 kc_col-sm-6 kc_column kc_col-sm-6\"><div class=\"kc-col-container\"><div class=\"kc-elm kc-css-862882 kc-animated kc-animate-eff-fadeInLeft kc-animate-delay-100 kc_shortcode kc_single_image\">\n\n        <a rel=\"prettyPhoto\" class=\"kc-pretty-photo\" href=\"https:\/\/sajiplast.com\/web\/wp-content\/uploads\/2020\/12\/Saco-de-Fondo-Plano.jpg\" title=\"\" target=\"\">\n        <img src=\"https:\/\/sajiplast.com\/web\/wp-content\/uploads\/2020\/12\/Saco-de-Fondo-Plano-400x600xc.jpg\" class=\"\" alt=\"\" \/>    <\/a>\n    <\/div>\n<\/div><\/div><div class=\"kc-elm kc-css-563993 kc_col-sm-6 kc_column kc_col-sm-6\"><div class=\"kc-col-container\">\n<div class=\"kc-elm kc-css-425905 kc-animated kc-animate-eff-fadeInRight kc-animate-delay-200 kc-title-wrap \">\n\n\t<h1 class=\"kc_title\">Saco Fondo Plano<\/h1>\n<\/div>\n<div class=\"kc-elm kc-css-829972 kc-animated kc-animate-eff-fadeInRight kc-animate-delay-100 kc_text_block\"><\/p>\n<p>Los sacos de fondo plano son fabricados en polipropileno de alta resistencia, incorporando aditivos calificados para lograr una alta resistencia y un \u00f3ptimo coeficiente de fricci\u00f3n evitando que la estiba se caiga o resbale durante su almacenamiento.<\/p>\n<p>El saco fondo plano permite desarrollar un saco con una presentaci\u00f3n m\u00e1s elegante, maximizando el espacio de diferenciaci\u00f3n en frentes de supermercados y mega ferreter\u00edas o clubes de compra. Es un saco herm\u00e9tico y sin costuras.<\/p>\n<p>\n<\/div><\/div><\/div><\/div><\/div><\/section>\n","protected":false},"excerpt":{"rendered":"","protected":false},"author":1,"featured_media":0,"parent":0,"menu_order":0,"comment_status":"closed","ping_status":"closed","template":"tpl-king_composer.php","meta":{"footnotes":""},"_links":{"self":[{"href":"https:\/\/sajiplast.com\/web\/wp-json\/wp\/v2\/pages\/1282"}],"collection":[{"href":"https:\/\/sajiplast.com\/web\/wp-json\/wp\/v2\/pages"}],"about":[{"href":"https:\/\/sajiplast.com\/web\/wp-json\/wp\/v2\/types\/page"}],"author":[{"embeddable":true,"href":"https:\/\/sajiplast.com\/web\/wp-json\/wp\/v2\/users\/1"}],"replies":[{"embeddable":true,"href":"https:\/\/sajiplast.com\/web\/wp-json\/wp\/v2\/comments?post=1282"}],"version-history":[{"count":1,"href":"https:\/\/sajiplast.com\/web\/wp-json\/wp\/v2\/pages\/1282\/revisions"}],"predecessor-version":[{"id":1397,"href":"https:\/\/sajiplast.com\/web\/wp-json\/wp\/v2\/pages\/1282\/revisions\/1397"}],"wp:attachment":[{"href":"https:\/\/sajiplast.com\/web\/wp-json\/wp\/v2\/media?parent=1282"}],"curies":[{"name":"wp","href":"https:\/\/api.w.org\/{rel}","templated":true}]}}