{"id":1342,"date":"2020-12-21T06:50:51","date_gmt":"2020-12-21T06:50:51","guid":{"rendered":"https:\/\/sajiplast.com\/web\/?page_id=1342"},"modified":"2020-12-21T06:52:21","modified_gmt":"2020-12-21T06:52:21","slug":"saco-de-arpilla","status":"publish","type":"page","link":"https:\/\/sajiplast.com\/web\/saco-de-arpilla\/","title":{"rendered":"Saco de Arpilla"},"content":{"rendered":"<section class=\"kc-elm kc-css-493997 kc_row\"><div class=\"kc-row-container  kc-container\"><div class=\"kc-wrap-columns\"><div class=\"kc-elm kc-css-201715 kc_col-sm-6 kc_column kc_col-sm-6\"><div class=\"kc-col-container\"><div class=\"kc-elm kc-css-111852 kc-animated kc-animate-eff-fadeInLeft kc-animate-delay-100 kc_shortcode kc_single_image\">\n\n        <a rel=\"prettyPhoto\" class=\"kc-pretty-photo\" href=\"https:\/\/sajiplast.com\/web\/wp-content\/uploads\/2020\/12\/Saco-de-arpilla.jpg\" title=\"\" target=\"\">\n        <img src=\"https:\/\/sajiplast.com\/web\/wp-content\/uploads\/2020\/12\/Saco-de-arpilla-400x600xc.jpg\" class=\"\" alt=\"\" \/>    <\/a>\n    <\/div>\n<\/div><\/div><div class=\"kc-elm kc-css-987192 kc_col-sm-6 kc_column kc_col-sm-6\"><div class=\"kc-col-container\">\n<div class=\"kc-elm kc-css-837193 kc-animated kc-animate-eff-fadeInRight kc-animate-delay-200 kc-title-wrap \">\n\n\t<h1 class=\"kc_title\">Saco de Arpilla<\/h1>\n<\/div>\n<div class=\"kc-elm kc-css-938298 kc-animated kc-animate-eff-fadeInRight kc-animate-delay-100 kc_text_block\"><\/p>\n<p>Se utiliza principalmente para el empaque, transporte y almacenamiento de alimentos como frutas, verduras, tub\u00e9rculos, entre otros, lo que lo hace ideal es la ventilaci\u00f3n y frescura que mantiene la fruta a\u00fan en espacios cerrados. Est\u00e1 elaborado de resina 100% virgen. El ancho var\u00eda de 46 cm hasta 56 cm y el largo es a gusto del cliente.<br \/>&nbsp;<\/p>\n<p>Los colores m\u00e1s utilizados son rojo, amarillo, verde, naranja y transparente.<br \/>&nbsp;<\/p>\n<p>La unidad de empaque es de 250 sacos por paca. La venta m\u00ednima es de 500 unidades.<\/p>\n<p>\n<\/div><\/div><\/div><\/div><\/div><\/section>\n","protected":false},"excerpt":{"rendered":"","protected":false},"author":1,"featured_media":0,"parent":0,"menu_order":0,"comment_status":"closed","ping_status":"closed","template":"tpl-king_composer.php","meta":{"footnotes":""},"_links":{"self":[{"href":"https:\/\/sajiplast.com\/web\/wp-json\/wp\/v2\/pages\/1342"}],"collection":[{"href":"https:\/\/sajiplast.com\/web\/wp-json\/wp\/v2\/pages"}],"about":[{"href":"https:\/\/sajiplast.com\/web\/wp-json\/wp\/v2\/types\/page"}],"author":[{"embeddable":true,"href":"https:\/\/sajiplast.com\/web\/wp-json\/wp\/v2\/users\/1"}],"replies":[{"embeddable":true,"href":"https:\/\/sajiplast.com\/web\/wp-json\/wp\/v2\/comments?post=1342"}],"version-history":[{"count":0,"href":"https:\/\/sajiplast.com\/web\/wp-json\/wp\/v2\/pages\/1342\/revisions"}],"wp:attachment":[{"href":"https:\/\/sajiplast.com\/web\/wp-json\/wp\/v2\/media?parent=1342"}],"curies":[{"name":"wp","href":"https:\/\/api.w.org\/{rel}","templated":true}]}}